{"id":529,"date":"2026-01-30T22:49:52","date_gmt":"2026-01-30T22:49:52","guid":{"rendered":"https:\/\/radiantcuracao.com\/bezienswaardigheden\/"},"modified":"2026-04-07T20:58:16","modified_gmt":"2026-04-07T20:58:16","slug":"bezienswaardigheden","status":"publish","type":"page","link":"https:\/\/radiantcuracao.com\/nl\/bezienswaardigheden\/","title":{"rendered":"Bezienswaardigheden"},"content":{"rendered":"\n<div class=\"wp-block-group has-global-padding is-layout-constrained wp-container-core-group-is-layout-5a30f31b wp-block-group-is-layout-constrained\">\n<div class=\"wp-block-group has-global-padding is-layout-constrained wp-block-group-is-layout-constrained\">\n<p>Cura\u00e7ao is een uniek Caribisch eilandparadijs, met 35 onbezochte stranden en een eclectische mix van geschiedenis en cultuur. Cura\u00e7ao blijft een van de meest uitzonderlijke eilanden van de regio. De hoofdstad is Willemstad.  <\/p>\n\n\n\n<p>Bijna alle stranden van Cura\u00e7ao liggen verspreid langs de beschutte en kalme zuidwestkust, waar het water kalm en kristalhelder is. Op sommige stranden is de toegang gevraagd, soms inclusief een strandstoel. Veel van de beste stranden bevinden zich aan het westelijke uiteinde van het eiland, dat toepasselijk Westpunt wordt genoemd, ofwel &#8220;westpunt&#8221;.  <\/p>\n\n\n\n<p>Hoewel het op alle stranden niet gebruikelijk is, en ook niet acceptabel is, kun je Europese bezoekers topless zien zonnebaden. Let op: dit is wettelijk niet toegestaan, maar wordt wel getolereerd op enkele stranden. <\/p>\n<\/div>\n\n\n\n<div class=\"wp-block-group has-global-padding is-layout-constrained wp-block-group-is-layout-constrained\">\n<h2 class=\"wp-block-heading\">Stranden<\/h2>\n\n\n\n<div class=\"wp-block-group has-global-padding is-layout-constrained wp-container-core-group-is-layout-5a30f31b wp-block-group-is-layout-constrained\">\n<div class=\"wp-block-columns is-layout-flex wp-container-core-columns-is-layout-28f84493 wp-block-columns-is-layout-flex\">\n<div class=\"wp-block-column is-layout-flow wp-block-column-is-layout-flow\" style=\"flex-basis:50%\">\n<figure class=\"wp-block-image size-full !flex [&amp;&gt;img]:object-cover\"><img loading=\"lazy\" decoding=\"async\" width=\"1464\" height=\"908\" src=\"https:\/\/radiantcuracao.com\/wp-content\/uploads\/2026\/01\/Screen-Shot-2015-05-28-at-10.13.42-PM.png\" alt=\"\" class=\"wp-image-409\"\/><\/figure>\n<\/div>\n\n\n\n<div class=\"wp-block-column is-layout-flow wp-block-column-is-layout-flow\" style=\"flex-basis:50%\">\n<div class=\"wp-block-group has-global-padding is-layout-constrained wp-block-group-is-layout-constrained\">\n<h3 class=\"wp-block-heading\">Knip Beach \u2013 Playa Kenepa Grandi<\/h3>\n\n\n\n<p>Knip Beach is erg populair bij de Curacao\u00ebrs zelf. Knip Beach laat je zwemmen en zonnebaden in een van de mooiste omgevingen van Cura\u00e7ao. Voor de goed getrainde zwemmers is het rif bereikbaar vanaf het strand, maar het is een vrij lange zwemtocht. Snorkelen kan veel dichter bij de kust bij de rotsen aan weerszijden van Knip Beach worden gedaan.   <\/p>\n\n\n\n<p>Vaak kun je lokale gerechten, snacks en drankjes kopen. Maar houd er rekening mee dat het een mogelijkheid is. Zorg er dus voor dat je genoeg drankjes en snacks meeneemt.  <\/p>\n<\/div>\n<\/div>\n<\/div>\n\n\n\n<div class=\"wp-block-columns is-layout-flex wp-container-core-columns-is-layout-28f84493 wp-block-columns-is-layout-flex\">\n<div class=\"wp-block-column is-layout-flow wp-block-column-is-layout-flow\" style=\"flex-basis:50%\">\n<div class=\"wp-block-group has-global-padding is-layout-constrained wp-block-group-is-layout-constrained\">\n<h3 class=\"wp-block-heading\">Cas Abou Beach<\/h3>\n\n\n\n<p>Cas Abao Beach biedt je een wit zandstrand, kristalhelder water, golvende palmbomen en veel parasols. Cas Abao is ideaal voor zwemmers en de riffen zijn een paradijs voor snorkelaars en duikers. Een vlot om te zonnebaden en te spelen ligt afgemeerd voor het strand. Er is een bar, restaurant, douches, toiletten, massagefaciliteit en duikwinkel. Cas Abao is dagelijks geopend van 8:00 uur tot 18:00 uur.    <\/p>\n<\/div>\n<\/div>\n\n\n\n<div class=\"wp-block-column order-first sm:order-last is-layout-flow wp-block-column-is-layout-flow\" style=\"flex-basis:50%\">\n<figure class=\"wp-block-image size-full !flex [&amp;&gt;img]:object-cover\"><img loading=\"lazy\" decoding=\"async\" width=\"1472\" height=\"983\" src=\"https:\/\/radiantcuracao.com\/wp-content\/uploads\/2026\/01\/Screen-Shot-2015-05-28-at-10.13.49-PM.png\" alt=\"\" class=\"wp-image-411\"\/><\/figure>\n<\/div>\n<\/div>\n\n\n\n<div class=\"wp-block-columns is-layout-flex wp-container-core-columns-is-layout-28f84493 wp-block-columns-is-layout-flex\">\n<div class=\"wp-block-column is-layout-flow wp-block-column-is-layout-flow\" style=\"flex-basis:50%\">\n<figure class=\"wp-block-image size-full !flex [&amp;&gt;img]:object-cover\"><img loading=\"lazy\" decoding=\"async\" width=\"1473\" height=\"883\" src=\"https:\/\/radiantcuracao.com\/wp-content\/uploads\/2026\/01\/Screen-Shot-2015-05-28-at-10.14.10-PM.png\" alt=\"\" class=\"wp-image-412\"\/><\/figure>\n<\/div>\n\n\n\n<div class=\"wp-block-column is-layout-flow wp-block-column-is-layout-flow\" style=\"flex-basis:50%\">\n<div class=\"wp-block-group has-global-padding is-layout-constrained wp-block-group-is-layout-constrained\">\n<h3 class=\"wp-block-heading\">Playa PortoMari<\/h3>\n\n\n\n<p>Wit zandstrand met parasols. Er zijn douches en toiletten en een bar met een groot terras. Een zeer geschikt strand voor kinderen. Aantrekkelijke snorkel- en duikplek met speciale faciliteiten voor duikers. Zelfs in het weekend is het strand rustig.<br\/>Playa Kalki    <\/p>\n\n\n\n<p>Deze kleine baai is populair voor snorkelen en duiken, en heeft een met touw omheind gebied met een drijvend platform. Het bevindt zich via steile stenen trappen vanaf de parkeerplaats. Halverwege tussen de parkeerplaats en het strand bevindt zich een schaduwrijk terras met een snackbar en een duikwinkel. Vanaf Playa Kalki leidt een andere trap naar de Kura Hulanda Lodge op de kliffen erboven, waar een restaurant is.   <\/p>\n<\/div>\n<\/div>\n<\/div>\n\n\n\n<div class=\"wp-block-columns is-layout-flex wp-container-core-columns-is-layout-28f84493 wp-block-columns-is-layout-flex\">\n<div class=\"wp-block-column is-layout-flow wp-block-column-is-layout-flow\" style=\"flex-basis:50%\">\n<div class=\"wp-block-group has-global-padding is-layout-constrained wp-block-group-is-layout-constrained\">\n<h3 class=\"wp-block-heading\">Playa Kalki<\/h3>\n\n\n\n<p>Deze kleine baai is populair voor snorkelen en duiken, en heeft een met touw omheind gebied met een drijvend platform. Het bevindt zich via steile stenen trappen vanaf de parkeerplaats. Halverwege tussen de parkeerplaats en het strand bevindt zich een schaduwrijk terras met een snackbar en een duikwinkel. Vanaf Playa Kalki leidt een andere trap naar de Kura Hulanda Lodge op de kliffen erboven, waar een restaurant is.   <\/p>\n<\/div>\n<\/div>\n\n\n\n<div class=\"wp-block-column order-first sm:order-last is-layout-flow wp-block-column-is-layout-flow\" style=\"flex-basis:50%\">\n<figure class=\"wp-block-image size-full !flex [&amp;&gt;img]:object-cover\"><img loading=\"lazy\" decoding=\"async\" width=\"1474\" height=\"879\" src=\"https:\/\/radiantcuracao.com\/wp-content\/uploads\/2026\/01\/Screen-Shot-2015-05-28-at-10.14.17-PM.png\" alt=\"\" class=\"wp-image-413\"\/><\/figure>\n<\/div>\n<\/div>\n\n\n\n<div class=\"wp-block-columns is-layout-flex wp-container-core-columns-is-layout-28f84493 wp-block-columns-is-layout-flex\">\n<div class=\"wp-block-column is-layout-flow wp-block-column-is-layout-flow\" style=\"flex-basis:50%\">\n<figure class=\"wp-block-image size-full !flex [&amp;&gt;img]:object-cover\"><img loading=\"lazy\" decoding=\"async\" width=\"1475\" height=\"853\" src=\"https:\/\/radiantcuracao.com\/wp-content\/uploads\/2026\/01\/Screen-Shot-2015-05-28-at-10.14.25-PM.png\" alt=\"\" class=\"wp-image-414\"\/><\/figure>\n<\/div>\n\n\n\n<div class=\"wp-block-column is-layout-flow wp-block-column-is-layout-flow\" style=\"flex-basis:50%\">\n<div class=\"wp-block-group has-global-padding is-layout-constrained wp-block-group-is-layout-constrained\">\n<h3 class=\"wp-block-heading\">Playa Lagun<\/h3>\n\n\n\n<p>Rotsachtige kliffen sieren de zijkanten van deze kleine baai, vissersboten rusten op het zand. Playa Lagun is een favoriete plek voor zowel duikers als snorkelaars, toegankelijk en gemakkelijk te vinden en gelegen in het dorp Lagun. Rifvissen zijn talrijk langs de kliffen en bij de afgrond, waar je ook gezonde koraalbedekking en grote sponzen ziet.<br\/>Cabana Strand-Kontiki Beach  <\/p>\n\n\n\n<p>Dit volledig servicestrand biedt: watersporten, duikoperator Toucan Diving, winkels, een strandbar en een geweldig restaurant. Kontiki Beach is de plek om op adem te komen en je voor te bereiden op je volgende duik. De branding wordt getemd door een golfbreker, waardoor het ideaal is voor kinderen om langs de waterlijn te spelen.  <\/p>\n<\/div>\n<\/div>\n<\/div>\n\n\n\n<div class=\"wp-block-columns is-layout-flex wp-container-core-columns-is-layout-28f84493 wp-block-columns-is-layout-flex\">\n<div class=\"wp-block-column is-layout-flow wp-block-column-is-layout-flow\" style=\"flex-basis:50%\">\n<div class=\"wp-block-group has-global-padding is-layout-constrained wp-block-group-is-layout-constrained\">\n<h3 class=\"wp-block-heading\">Cabana Strand-Kontiki Beach<\/h3>\n\n\n\n<p>Dit volledig servicestrand biedt: watersporten, duikoperator Toucan Diving, winkels, een strandbar en een geweldig restaurant. Kontiki Beach is de plek om op adem te komen en je voor te bereiden op je volgende duik. De branding wordt getemd door een golfbreker, waardoor het ideaal is voor kinderen om langs de waterlijn te spelen.    <\/p>\n<\/div>\n<\/div>\n\n\n\n<div class=\"wp-block-column order-first sm:order-last is-layout-flow wp-block-column-is-layout-flow\" style=\"flex-basis:50%\">\n<figure class=\"wp-block-image size-full !flex [&amp;&gt;img]:object-cover\"><img loading=\"lazy\" decoding=\"async\" width=\"1473\" height=\"832\" src=\"https:\/\/radiantcuracao.com\/wp-content\/uploads\/2026\/01\/Screen-Shot-2015-05-28-at-10.14.32-PM.png\" alt=\"\" class=\"wp-image-415\"\/><\/figure>\n<\/div>\n<\/div>\n\n\n\n<div class=\"wp-block-columns is-layout-flex wp-container-core-columns-is-layout-28f84493 wp-block-columns-is-layout-flex\">\n<div class=\"wp-block-column is-layout-flow wp-block-column-is-layout-flow\" style=\"flex-basis:50%\">\n<figure class=\"wp-block-image size-full !flex [&amp;&gt;img]:object-cover\"><img loading=\"lazy\" decoding=\"async\" width=\"1473\" height=\"880\" src=\"https:\/\/radiantcuracao.com\/wp-content\/uploads\/2026\/01\/Screen-Shot-2015-05-28-at-10.14.39-PM.png\" alt=\"\" class=\"wp-image-416\"\/><\/figure>\n<\/div>\n\n\n\n<div class=\"wp-block-column is-layout-flow wp-block-column-is-layout-flow\" style=\"flex-basis:50%\">\n<div class=\"wp-block-group has-global-padding is-layout-constrained wp-block-group-is-layout-constrained\">\n<h3 class=\"wp-block-heading\">Jan Thiel Strand<\/h3>\n\n\n\n<p>Lag op de betonnen kades naast de grote open baai, waar uitstekende duik- en snorkelmogelijkheden zijn. Het strand ligt in een nieuw, chique woonwijk ten oosten van de stad. Er is weinig zand, maar kinderen genieten van het halfgesloten waadgebied dat op een zwembad lijkt.  <\/p>\n<\/div>\n<\/div>\n<\/div>\n\n\n\n<div class=\"wp-block-columns is-layout-flex wp-container-core-columns-is-layout-28f84493 wp-block-columns-is-layout-flex\">\n<div class=\"wp-block-column is-layout-flow wp-block-column-is-layout-flow\" style=\"flex-basis:50%\">\n<div class=\"wp-block-group has-global-padding is-layout-constrained wp-block-group-is-layout-constrained\">\n<h3 class=\"wp-block-heading\">Klein Cura\u00e7ao<\/h3>\n\n\n\n<p>Klein Curacao is een eiland als geen ander. Mermaid Boat Trips is de enige boottocht die gasten direct het eiland op brengt. Binnen slechts 2 uur word je meegevoerd naar een uniek paradijs. Dit eiland heeft de enige zandstranden met witte poeder in de omgeving. En omdat dit een onbewoond eiland is, heb je volledige privacy om te doen wat je wilt.    <\/p>\n<\/div>\n<\/div>\n\n\n\n<div class=\"wp-block-column order-first sm:order-last is-layout-flow wp-block-column-is-layout-flow\" style=\"flex-basis:50%\">\n<figure class=\"wp-block-image size-full !flex [&amp;&gt;img]:object-cover\"><img loading=\"lazy\" decoding=\"async\" width=\"1477\" height=\"844\" src=\"https:\/\/radiantcuracao.com\/wp-content\/uploads\/2026\/01\/Screen-Shot-2015-05-28-at-10.13.29-PM.png\" alt=\"\" class=\"wp-image-418\"\/><\/figure>\n<\/div>\n<\/div>\n<\/div>\n<\/div>\n\n\n\n<div class=\"wp-block-group has-global-padding is-layout-constrained wp-block-group-is-layout-constrained\">\n<h2 class=\"wp-block-heading\">Shop en Verwennen<\/h2>\n\n\n\n<div class=\"wp-block-group has-global-padding is-layout-constrained wp-container-core-group-is-layout-5a30f31b wp-block-group-is-layout-constrained\">\n<div class=\"wp-block-columns is-layout-flex wp-container-core-columns-is-layout-28f84493 wp-block-columns-is-layout-flex\">\n<div class=\"wp-block-column is-layout-flow wp-block-column-is-layout-flow\" style=\"flex-basis:50%\">\n<figure class=\"wp-block-image size-full !flex [&amp;&gt;img]:object-cover\"><img loading=\"lazy\" decoding=\"async\" width=\"1225\" height=\"764\" src=\"https:\/\/radiantcuracao.com\/wp-content\/uploads\/2026\/01\/Screen-Shot-2015-05-28-at-10.32.53-PM.png\" alt=\"\" class=\"wp-image-419\"\/><\/figure>\n<\/div>\n\n\n\n<div class=\"wp-block-column is-layout-flow wp-block-column-is-layout-flow\" style=\"flex-basis:50%\">\n<div class=\"wp-block-group has-global-padding is-layout-constrained wp-block-group-is-layout-constrained\">\n<h3 class=\"wp-block-heading\">ZUIKERTUIN WINKELCENTRUM<\/h3>\n\n\n\n<p>Een grote verscheidenheid aan winkels en restaurants onder \u00e9\u00e9n dak! Zuikertuin Mall is het enige volledig geklimatiseerde winkelcentrum op Cura\u00e7ao, gelegen in een koloniaal plantagehuis uit 1870.<\/p>\n\n\n\n<p>Het herbergt meer dan 25 merknamen, vijf restaurants, een foodcourt en een authentieke Italiaanse gelateria. Het luxueuze interieur is mooi afgestemd op de koloniale stijl aan de buitenkant. Het Zuikertuin winkelcentrum heeft openingstijden die toegankelijk zijn voor werknemers, waardoor je kunt winkelen wanneer het je uitkomt. Het is het enige winkelcentrum op Cura\u00e7ao dat elke dag van de week tot 8 uur open is, ook op zaterdagen. Het Zuikertuin winkelcentrum is geopend van maandag tot en met zaterdag van 9.00 tot 20.00 uur en elke eerste zondag van de maand van 10.00 tot 16.00 uur.    <\/p>\n\n\n\n<p>Zuikertuin Mall ligt slechts tien minuten rijden van het centrum (Punda). Het winkelcentrum heeft een Giro Bank en drie verschillende geldautomaten (MCB, Giro, RBC) binnen voor je winkelgemak. <\/p>\n<\/div>\n<\/div>\n<\/div>\n\n\n\n<div class=\"wp-block-columns is-layout-flex wp-container-core-columns-is-layout-28f84493 wp-block-columns-is-layout-flex\">\n<div class=\"wp-block-column is-layout-flow wp-block-column-is-layout-flow\" style=\"flex-basis:50%\">\n<div class=\"wp-block-group has-global-padding is-layout-constrained wp-block-group-is-layout-constrained\">\n<h3 class=\"wp-block-heading\">RENAISSANCE MALL EN RIF FORT<\/h3>\n\n\n\n<p>Het Renaissance Mall en het Renaissance Rif Fort, gelegen in de historische hoofdstad Willemstad, bieden je de meest unieke winkel- en eetervaring van Cura\u00e7ao.<br\/>Geweldig entertainment en veel leuke promoties!<\/p>\n\n\n\n<p>Renaissance Mall is de thuisbasis van de meest luxueuze merknamen van Cura\u00e7ao. Merken zoals Furla, AD, Breitling, Mango, Montblanc, Tiffany &amp; Co, Starbucks, Armani Exchange, Hilfiger Denim, Paul &amp; Shark, Sunspecs en nog veel meer&#8230; <\/p>\n\n\n\n<p>Met meer dan 50 winkels biedt Renaissance Mall een unieke en onvergetelijke winkelervaring. Het winkelcentrum ligt perfect in het hart van Willemstad met overdekte parkeergelegenheid op het terrein. <\/p>\n\n\n\n<p>Op korte loopafstand van de pontonbrug, en naast de indrukwekkende Mega Pier waar geweldige cruiseschepen aanmeren wanneer ze Cura\u00e7ao bezoeken.<\/p>\n<\/div>\n<\/div>\n\n\n\n<div class=\"wp-block-column order-first sm:order-last is-layout-flow wp-block-column-is-layout-flow\" style=\"flex-basis:50%\">\n<figure class=\"wp-block-image size-full !flex [&amp;&gt;img]:object-cover\"><img loading=\"lazy\" decoding=\"async\" width=\"1473\" height=\"979\" src=\"https:\/\/radiantcuracao.com\/wp-content\/uploads\/2026\/01\/Screen-Shot-2015-05-28-at-10.33.01-PM.png\" alt=\"\" class=\"wp-image-420\"\/><\/figure>\n<\/div>\n<\/div>\n\n\n\n<div class=\"wp-block-columns is-layout-flex wp-container-core-columns-is-layout-28f84493 wp-block-columns-is-layout-flex\">\n<div class=\"wp-block-column is-layout-flow wp-block-column-is-layout-flow\" style=\"flex-basis:50%\">\n<figure class=\"wp-block-image size-full !flex [&amp;&gt;img]:object-cover\"><img loading=\"lazy\" decoding=\"async\" width=\"1430\" height=\"765\" src=\"https:\/\/radiantcuracao.com\/wp-content\/uploads\/2026\/01\/Screen-Shot-2015-05-28-at-10.33.09-PM.png\" alt=\"\" class=\"wp-image-421\"\/><\/figure>\n<\/div>\n\n\n\n<div class=\"wp-block-column is-layout-flow wp-block-column-is-layout-flow\" style=\"flex-basis:50%\">\n<div class=\"wp-block-group has-global-padding is-layout-constrained wp-block-group-is-layout-constrained\">\n<h3 class=\"wp-block-heading\">Sambil Cura\u00e7ao<\/h3>\n\n\n\n<p>Sambil Cura\u00e7ao, gepland om in mei 2015 te openen, is een luxe winkelcentrum gebouwd en ge\u00ebxpositioneerd door de Sambil Group. De groep is internationaal bekend om haar uitgebreide ervaring in het bouwen en exploiteren van winkelcentra, entertainmentwinkels en zakelijke diensten. Het project op Cura\u00e7ao biedt een unieke kans om te investeren in Cura\u00e7ao, het Juweel van het Caribisch gebied. Sambil Cura\u00e7ao ligt strategisch in Veers, binnen 10 minuten van de luchthaven en de haven. Een groep internationale architecten, die meerdere prijzen ontvingen voor hun unieke avant-garde stijl, ontwierp het winkelcentrum voor optimaal bezoekersplezier en succes voor onze klanten. Met meer dan 50 jaar ervaring in innovatieve woningen en stevig gesteund als marktleider, zal Sambil Cura\u00e7ao zich aansluiten bij het Sambil-groepsnetwerk en bewoners en bezoekers van Cura\u00e7ao het &#8220;Sambil Concept&#8221; aanbieden     <\/p>\n<\/div>\n<\/div>\n<\/div>\n\n\n\n<div class=\"wp-block-columns is-layout-flex wp-container-core-columns-is-layout-28f84493 wp-block-columns-is-layout-flex\">\n<div class=\"wp-block-column is-layout-flow wp-block-column-is-layout-flow\" style=\"flex-basis:50%\">\n<div class=\"wp-block-group has-global-padding is-layout-constrained wp-block-group-is-layout-constrained\">\n<h3 class=\"wp-block-heading\">Punda<\/h3>\n\n\n\n<p>Punda is altijd het belangrijkste winkelgebied van Willemstad geweest. Beschermd door het Waterfort en Fort Amsterdam, gebouwd in 1648, gingen de Nederlanders over op hun favoriete bezigheid \u2014 internationale handel. De haven van Schottegat bruiste van de activiteit en er werden pakhuizen aangetrokken langs de oever van Punda. Smalle straatjes werden aangelegd voorbij de waterkant voor huizen en winkels.     <\/p>\n\n\n\n<p>Tegenwoordig cre\u00ebren de voetgangersstraten in de Punda van Cura\u00e7ao een pittoreske sfeer met veel winkels die handig in \u00e9\u00e9n gebied liggen.  <\/p>\n\n\n\n<p>Wandelend in een van de mooiste binnensteden ter wereld vind je enkele van de beste fotomogelijkheden. De schilderachtige straatjes en steegjes, vol leven en kleur, leiden je naar kwalitatieve winkels. Je vindt een prachtige selectie Europese kleding, Franse parfums, Japanse elektronica, Iers kristal, Engels porselein, fijne Italiaanse leders, Chinees geborduurde linnen tafelkleden, Indonesische batikkleding en accessoires, enzovoort.  <\/p>\n\n\n\n<p>Winkels in Punda bieden een verscheidenheid aan sieraden, elektronica, cosmetica, dames- en herenkleding en souvenirs.<\/p>\n\n\n\n<p>Ontspan op een van de vele terrassen en geniet van ontbijt, lunch of een verfrissend drankje!<\/p>\n\n\n\n<p>Winkeltijden<br\/>De winkels zijn normaal gesproken geopend van maandag tot en met zaterdag, en de reguliere openingstijden zijn van 8:00 tot 12:00 uur, en van 14:00 tot 18:00 uur.<\/p>\n<\/div>\n<\/div>\n\n\n\n<div class=\"wp-block-column order-first sm:order-last is-layout-flow wp-block-column-is-layout-flow\" style=\"flex-basis:50%\">\n<figure class=\"wp-block-image aligncenter size-full !flex [&amp;&gt;img]:object-cover\"><img loading=\"lazy\" decoding=\"async\" width=\"1473\" height=\"980\" src=\"https:\/\/radiantcuracao.com\/wp-content\/uploads\/2026\/01\/Screen-Shot-2015-05-28-at-10.33.26-PM.png\" alt=\"\" class=\"wp-image-422\"\/><\/figure>\n<\/div>\n<\/div>\n\n\n\n<div class=\"wp-block-columns is-layout-flex wp-container-core-columns-is-layout-28f84493 wp-block-columns-is-layout-flex\">\n<div class=\"wp-block-column is-layout-flow wp-block-column-is-layout-flow\" style=\"flex-basis:50%\">\n<figure class=\"wp-block-image size-full !flex [&amp;&gt;img]:object-cover\"><img loading=\"lazy\" decoding=\"async\" width=\"1466\" height=\"487\" src=\"https:\/\/radiantcuracao.com\/wp-content\/uploads\/2026\/01\/Screen-Shot-2015-05-28-at-10.33.32-PM.png\" alt=\"\" class=\"wp-image-423\"\/><\/figure>\n<\/div>\n\n\n\n<div class=\"wp-block-column is-layout-flow wp-block-column-is-layout-flow\" style=\"flex-basis:50%\">\n<div class=\"wp-block-group has-global-padding is-layout-constrained wp-block-group-is-layout-constrained\">\n<h3 class=\"wp-block-heading\">Aguafari<\/h3>\n\n\n\n<p>Kom en ontdek waarom de onderwaterwereld op Cura\u00e7ao een van de meest unieke en besproken toeristische attracties ter wereld is en waarom toeristen keer op keer terugkeren.<br\/>Cre\u00eber een herinnering voor het leven met je gezin door deze onderwatersafari te bekijken door de ogen van onze onderwaterscooters. Het is de perfecte gezinsactiviteit! <br\/>Er is geen duikervaring nodig, gewoon zitten en genieten van de wonderen van de zee. Het is leuk. Het is veilig. Het is voor jong en oud.   <\/p>\n<\/div>\n<\/div>\n<\/div>\n\n\n\n<div class=\"wp-block-columns is-layout-flex wp-container-core-columns-is-layout-28f84493 wp-block-columns-is-layout-flex\">\n<div class=\"wp-block-column is-layout-flow wp-block-column-is-layout-flow\" style=\"flex-basis:50%\">\n<div class=\"wp-block-group has-global-padding is-layout-constrained wp-block-group-is-layout-constrained\">\n<h3 class=\"wp-block-heading\">CURA\u00c7AO DOLFIJNACADEMIE<\/h3>\n\n\n\n<p>Bij de Cura\u00e7ao Dolphin Academy krijgen bezoekers de kans om dolfijnen te ontmoeten en te zwemmen, snorkelen of zelfs duiken met deze bijzondere dieren in 6 verschillende programma&#8217;s. Er zijn passende programma&#8217;s voor iedereen! <\/p>\n<\/div>\n<\/div>\n\n\n\n<div class=\"wp-block-column order-first sm:order-last is-layout-flow wp-block-column-is-layout-flow\" style=\"flex-basis:50%\">\n<figure class=\"wp-block-image size-full !flex [&amp;&gt;img]:object-cover\"><img loading=\"lazy\" decoding=\"async\" width=\"1474\" height=\"832\" src=\"https:\/\/radiantcuracao.com\/wp-content\/uploads\/2026\/01\/Screen-Shot-2015-05-28-at-10.33.41-PM.png\" alt=\"\" class=\"wp-image-424\"\/><\/figure>\n<\/div>\n<\/div>\n\n\n\n<div class=\"wp-block-columns is-layout-flex wp-container-core-columns-is-layout-28f84493 wp-block-columns-is-layout-flex\">\n<div class=\"wp-block-column is-layout-flow wp-block-column-is-layout-flow\" style=\"flex-basis:50%\">\n<figure class=\"wp-block-image size-full !flex [&amp;&gt;img]:object-cover\"><img loading=\"lazy\" decoding=\"async\" width=\"1471\" height=\"828\" src=\"https:\/\/radiantcuracao.com\/wp-content\/uploads\/2026\/01\/Screen-Shot-2015-05-28-at-10.33.48-PM.png\" alt=\"\" class=\"wp-image-425\"\/><\/figure>\n<\/div>\n\n\n\n<div class=\"wp-block-column is-layout-flow wp-block-column-is-layout-flow\" style=\"flex-basis:50%\">\n<div class=\"wp-block-group has-global-padding is-layout-constrained wp-block-group-is-layout-constrained\">\n<h3 class=\"wp-block-heading\">ATV-AVONTUREN<\/h3>\n\n\n\n<p>ATV Adventures biedt een kans om de mooiste delen van Cura\u00e7ao op een leuke, veilige, wilde en avontuurlijke manier te ontdekken. Je hoeft geen ervaren bestuurder te zijn om mee te kunnen rijden, ATV&#8217;s zijn voor iedereen geschikt. Het enige wat je nodig hebt om te rijden is een normaal rijbewijs. Je kunt ook kinderen (10 jaar of ouder) meenemen op een gezinsvriendelijke offroadtour op de achterbank van een ATV. Tijdens de tour maak je te maken met ruige, avontuurlijke terreinen, een geweldig uitzicht op prachtige bezienswaardigheden die je normaal niet op Cura\u00e7ao bekijkt, buitengewone attracties zoals het bezoeken en klimmen van grotten, en we bezoeken ook enkele lokale boerderijen op het eiland. Tijdens een van de tours krijg je zelfs de kans om tijdens de tour te zwemmen.     <\/p>\n<\/div>\n<\/div>\n<\/div>\n<\/div>\n<\/div>\n<\/div>\n","protected":false},"excerpt":{"rendered":"<p>Cura\u00e7ao is een uniek Caribisch eilandparadijs, met 35 onbezochte stranden en een eclectische mix van geschiedenis en cultuur. Cura\u00e7ao blijft een van de meest uitzonderlijke eilanden van de regio. De hoofdstad is Willemstad. Bijna alle stranden van Cura\u00e7ao liggen verspreid langs de beschutte en kalme zuidwestkust, waar het water kalm en kristalhelder is. Op sommige [&hellip;]<\/p>\n","protected":false},"author":1,"featured_media":0,"parent":0,"menu_order":0,"comment_status":"closed","ping_status":"closed","template":"","meta":{"_acf_changed":false,"footnotes":""},"class_list":["post-529","page","type-page","status-publish","hentry"],"acf":[],"_links":{"self":[{"href":"https:\/\/radiantcuracao.com\/nl\/wp-json\/wp\/v2\/pages\/529","targetHints":{"allow":["GET"]}}],"collection":[{"href":"https:\/\/radiantcuracao.com\/nl\/wp-json\/wp\/v2\/pages"}],"about":[{"href":"https:\/\/radiantcuracao.com\/nl\/wp-json\/wp\/v2\/types\/page"}],"author":[{"embeddable":true,"href":"https:\/\/radiantcuracao.com\/nl\/wp-json\/wp\/v2\/users\/1"}],"replies":[{"embeddable":true,"href":"https:\/\/radiantcuracao.com\/nl\/wp-json\/wp\/v2\/comments?post=529"}],"version-history":[{"count":3,"href":"https:\/\/radiantcuracao.com\/nl\/wp-json\/wp\/v2\/pages\/529\/revisions"}],"predecessor-version":[{"id":539,"href":"https:\/\/radiantcuracao.com\/nl\/wp-json\/wp\/v2\/pages\/529\/revisions\/539"}],"wp:attachment":[{"href":"https:\/\/radiantcuracao.com\/nl\/wp-json\/wp\/v2\/media?parent=529"}],"curies":[{"name":"wp","href":"https:\/\/api.w.org\/{rel}","templated":true}]}}